{"id":487,"date":"2025-01-08T15:02:20","date_gmt":"2025-01-08T14:02:20","guid":{"rendered":"https:\/\/meetyourcolleague.eu\/privacy-policy\/"},"modified":"2025-07-25T11:33:44","modified_gmt":"2025-07-25T09:33:44","slug":"privacy-policy","status":"publish","type":"page","link":"https:\/\/meetyourcolleague.eu\/pt-pt\/privacy-policy\/","title":{"rendered":"Privacy Policy"},"content":{"rendered":"<h2 class=\"western\">Informa\u00e7\u00f5es sobre o tratamento de dados pessoais em conformidade com o artigo 13.\u00ba do Regulamento (UE) 2016\/679.<\/h2>\n<p>T\u00edtulo do projeto: MyCo &#8211; Conhe\u00e7a o seu colega<\/p>\n<p>O nosso Website: <span style=\"color: #467886;\"><u><a href=\"https:\/\/meetyourcolleague.eu\/pt-pt\/\" target=\"_top\">https:\/\/meetyourcolleague.eu\/<\/a><\/u><\/span><\/p>\n<p>RESPONS\u00c1VEL PELO TRATAMENTO DE DADOS<\/p>\n<p>O PROCESSADOR DE DADOS \u00e9 Diciannove s. c. a r. l. (<span style=\"color: #467886;\"><u><a href=\"https:\/\/19.coop\/\" target=\"_top\">https:\/\/19.coop<\/a><\/u><\/span>)<\/p>\n<p>RESPONS\u00c1VEL PELA PROTEC\u00c7\u00c3O DE DADOS<\/p>\n<p>O respons\u00e1vel pela prote\u00e7\u00e3o de dados (DPO) pode ser contactado em: privacy@19.coop<\/p>\n<p>BASE JUR\u00cdDICA DO TRATAMENTO<\/p>\n<p>Os dados pessoais indicados s\u00e3o tratados pelo Respons\u00e1vel pelo tratamento, no \u00e2mbito da execu\u00e7\u00e3o das actividades solicitadas pelo utilizador, e a base jur\u00eddica do tratamento \u00e9 o consentimento expresso e\/ou o interesse leg\u00edtimo do Respons\u00e1vel pelo tratamento. Esta informa\u00e7\u00e3o n\u00e3o diz respeito a outros sites, p\u00e1ginas ou servi\u00e7os online que podem ser acedidos atrav\u00e9s de liga\u00e7\u00f5es de hipertexto que podem ser publicadas no site, mas refere-se a recursos fora do dom\u00ednio da MyCo.<\/p>\n<p>TIPOS DE DADOS PROCESSADOS E OBJECTIVO DO PROCESSAMENTO<\/p>\n<p><b>Dados de navega\u00e7\u00e3o<\/b><\/p>\n<p>Os dados de navega\u00e7\u00e3o analisados s\u00e3o anonimizados.<\/p>\n<p><b>Dados de acesso<\/b><\/p>\n<p>Em cada acesso, o servidor de rede descarrega automaticamente informa\u00e7\u00f5es sobre a visita. Trata-se de dados necess\u00e1rios para a utiliza\u00e7\u00e3o de servi\u00e7os Web que incluem: Endere\u00e7os IP ou os nomes de dom\u00ednio dos computadores e terminais utilizados pelos utilizadores, os endere\u00e7os em nota\u00e7\u00e3o URI\/URL (Uniform Resource Identifier\/Locator) dos recursos solicitados, a hora do pedido, o m\u00e9todo utilizado para submeter o pedido ao servidor, o tamanho do ficheiro obtido em resposta, o c\u00f3digo num\u00e9rico que indica o estado da resposta dada pelo servidor (sucesso, erro, etc.) e outros par\u00e2metros relativos ao sistema operativo e ao ambiente inform\u00e1tico do utilizador. Estes dados podem ser tratados com o objetivo de assegurar o bom funcionamento do s\u00edtio https:\/\/meetyourcolleague.eu\/ . Os dados s\u00e3o conservados durante 5 anos (2+3), uma vez que s\u00e3o utilizados para fins estat\u00edsticos e de elabora\u00e7\u00e3o de relat\u00f3rios e disponibilizados ao financiador do projeto (UE).<\/p>\n<p>O envio facultativo, expl\u00edcito e volunt\u00e1rio de mensagens para os endere\u00e7os de contacto, as mensagens privadas enviadas pelos utilizadores para os perfis\/p\u00e1ginas institucionais nas redes sociais (sempre que exista essa possibilidade), bem como o preenchimento e submiss\u00e3o de formul\u00e1rios nos sites, implicam a aquisi\u00e7\u00e3o dos dados de contacto do remetente, necess\u00e1rios para responder, bem como de todos os dados pessoais inclu\u00eddos nas comunica\u00e7\u00f5es. Eventualmente ser\u00e3o publicadas pol\u00edticas de privacidade espec\u00edficas nas p\u00e1ginas do site, preparadas para a presta\u00e7\u00e3o de quaisquer servi\u00e7os adicionais, ou participa\u00e7\u00e3o em iniciativas e\/ou actividades espec\u00edficas.<\/p>\n<p><b>Informa\u00e7\u00f5es sobre o tratamento de dados pessoais efectuado atrav\u00e9s das plataformas de redes sociais utilizadas<\/b><\/p>\n<p>Sobre o tratamento de dados pessoais efectuado pelos operadores das plataformas de Redes Sociais utilizadas pelo MyCo, consulte a informa\u00e7\u00e3o prestada pelos mesmos atrav\u00e9s das respectivas pol\u00edticas de privacidade. O MyCo processa os dados pessoais fornecidos pelos utilizadores atrav\u00e9s das p\u00e1ginas das suas plataformas de redes sociais, no \u00e2mbito das suas finalidades, exclusivamente para informar e gerir as intera\u00e7\u00f5es com os utilizadores (coment\u00e1rios, publica\u00e7\u00f5es p\u00fablicas, etc.) e em conformidade com a regulamenta\u00e7\u00e3o em vigor.<\/p>\n<p><b>Cookies e outros sistemas de rastreio<\/b><\/p>\n<p>S\u00e3o utilizados cookies t\u00e9cnicos de sess\u00e3o (n\u00e3o persistentes), estritamente limitados ao necess\u00e1rio para a navega\u00e7\u00e3o segura e eficiente dos sites.<br \/>\nN\u00e3o s\u00e3o utilizados cookies para criar perfis de utilizadores.<br \/>\nOs dados de rastreamento s\u00e3o recolhidos de forma an\u00f3nima e utilizados apenas para fins estat\u00edsticos. S\u00e3o armazenados por um per\u00edodo m\u00e1ximo de 14 meses.<br \/>\nOs dados agregados relativos a estat\u00edsticas s\u00e3o processados e completamente anonimizados e armazenados apenas para fins estat\u00edsticos.<\/p>\n<p>DESTINAT\u00c1RIOS DOS DADOS<\/p>\n<p>Destinat\u00e1rio dos dados recolhidos, na qualidade de prestador de servi\u00e7os e Subcontratante nos termos do artigo 28.\u00ba do RGPD: www.gandi.net Os dados recolhidos s\u00e3o igualmente tratados pelos parceiros do projeto Myco, que actuam tamb\u00e9m como Processadores de Dados, com base em instru\u00e7\u00f5es espec\u00edficas dadas pelo Controlador de Dados, relativamente \u00e0s finalidades e m\u00e9todos desse tratamento. Estes dados podem ser utilizados para fins estat\u00edsticos e de elabora\u00e7\u00e3o de relat\u00f3rios e disponibilizados de forma an\u00f3nima \u00e0 UE, na qualidade de organismo de comissionamento e financiamento, durante o per\u00edodo de vig\u00eancia do projeto (2+3 anos).<\/p>\n<p>DIREITOS DOS TITULARES DOS DADOS<\/p>\n<p>Os interessados t\u00eam o direito de obter de Diciannove s.c.a r.l., nos casos previstos, o acesso aos seus dados pessoais e a retifica\u00e7\u00e3o ou o cancelamento dos mesmos ou a limita\u00e7\u00e3o do tratamento dos dados que lhes digam respeito ou de se opor ao tratamento (artigos 15\u00ba e seguintes do Regulamento). Os pedidos podem ser dirigidos a: <span style=\"color: #467886;\"><u><a href=\"mailto:privacy@19.coop\" target=\"_top\">privacy@19.coop<\/a><\/u><\/span><\/p>\n<p>DIREITO DE RECLAMA\u00c7\u00c3O<\/p>\n<p>Os titulares dos dados que considerem que o tratamento dos dados pessoais que lhes digam respeito efectuado atrav\u00e9s deste Website viola as disposi\u00e7\u00f5es do Regulamento t\u00eam o direito de apresentar uma reclama\u00e7\u00e3o \u00e0 autoridade de prote\u00e7\u00e3o de dados, conforme previsto no art. 77 do pr\u00f3prio Regulamento, ou de intentar uma a\u00e7\u00e3o judicial adequada (art. 79 do Regulamento).<\/p>\n","protected":false},"excerpt":{"rendered":"<p>Informa\u00e7\u00f5es sobre o tratamento de dados pessoais em conformidade com o artigo 13.\u00ba do Regulamento (UE) 2016\/679. T\u00edtulo do projeto: MyCo &#8211; Conhe\u00e7a o seu colega O nosso Website: https:\/\/meetyourcolleague.eu\/ RESPONS\u00c1VEL PELO TRATAMENTO DE DADOS O PROCESSADOR DE DADOS \u00e9 Diciannove s. c. a r. l. (https:\/\/19.coop) RESPONS\u00c1VEL PELA PROTEC\u00c7\u00c3O DE DADOS O respons\u00e1vel pela [&hellip;]<\/p>\n","protected":false},"author":1,"featured_media":0,"parent":0,"menu_order":0,"comment_status":"closed","ping_status":"open","template":"","meta":{"footnotes":""},"class_list":["post-487","page","type-page","status-publish","hentry"],"_links":{"self":[{"href":"https:\/\/meetyourcolleague.eu\/pt-pt\/wp-json\/wp\/v2\/pages\/487","targetHints":{"allow":["GET"]}}],"collection":[{"href":"https:\/\/meetyourcolleague.eu\/pt-pt\/wp-json\/wp\/v2\/pages"}],"about":[{"href":"https:\/\/meetyourcolleague.eu\/pt-pt\/wp-json\/wp\/v2\/types\/page"}],"author":[{"embeddable":true,"href":"https:\/\/meetyourcolleague.eu\/pt-pt\/wp-json\/wp\/v2\/users\/1"}],"replies":[{"embeddable":true,"href":"https:\/\/meetyourcolleague.eu\/pt-pt\/wp-json\/wp\/v2\/comments?post=487"}],"version-history":[{"count":4,"href":"https:\/\/meetyourcolleague.eu\/pt-pt\/wp-json\/wp\/v2\/pages\/487\/revisions"}],"predecessor-version":[{"id":1403,"href":"https:\/\/meetyourcolleague.eu\/pt-pt\/wp-json\/wp\/v2\/pages\/487\/revisions\/1403"}],"wp:attachment":[{"href":"https:\/\/meetyourcolleague.eu\/pt-pt\/wp-json\/wp\/v2\/media?parent=487"}],"curies":[{"name":"wp","href":"https:\/\/api.w.org\/{rel}","templated":true}]}}