{"id":486,"date":"2025-01-08T15:02:20","date_gmt":"2025-01-08T14:02:20","guid":{"rendered":"https:\/\/meetyourcolleague.eu\/privacy-policy\/"},"modified":"2025-07-25T11:24:01","modified_gmt":"2025-07-25T09:24:01","slug":"privacy-policy","status":"publish","type":"page","link":"https:\/\/meetyourcolleague.eu\/pl\/privacy-policy\/","title":{"rendered":"Privacy Policy"},"content":{"rendered":"<p><span style=\"font-size: x-large;\"><b>Informacje o przetwarzaniu danych osobowych zgodnie z art. 13 rozporz\u0105dzenia UE 2016\/679.<\/b><\/span><\/p>\n<p>Tytu\u0142 projektu: MyCo &#8211; Poznaj swoich wsp\u00f3\u0142pracownik\u00f3w<\/p>\n<p>Nasza strona internetowa: https:\/\/meetyourcolleague.eu\/<\/p>\n<p>PRZETW\u00d3RCA DANYCH<\/p>\n<p>PRZETW\u00d3RC\u0104 DANYCH jest Diciannove s. c. a r. l. (<span style=\"color: #0563c1;\"><u><a href=\"https:\/\/19.coop\/\">https:\/\/19.coop<\/a><\/u><\/span>).<\/p>\n<p>INSPEKTOR OCHRONY DANYCH<\/p>\n<p>Inspektor ochrony danych (IOD) jest dost\u0119pny pod adresem: privacy@19.coop<\/p>\n<p>PODSTAWA PRAWNA PRZETWARZANIA<\/p>\n<p>Wskazane dane osobowe s\u0105 przetwarzane przez Podmiot Przetwarzaj\u0105cy Dane w ramach wykonywania czynno\u015bci zleconych przez u\u017cytkownika, a podstaw\u0105 prawn\u0105 przetwarzania jest wyra\u017ana zgoda i\/lub uzasadniony interes Podmiotu Przetwarzaj\u0105cego Dane. Informacje te nie dotycz\u0105 innych witryn, stron lub us\u0142ug online, do kt\u00f3rych mo\u017cna dotrze\u0107 za po\u015brednictwem link\u00f3w hipertekstowych, kt\u00f3re mog\u0105 by\u0107 publikowane na stronie internetowej, ale odnosz\u0105 si\u0119 do zasob\u00f3w spoza domeny MyCo.<\/p>\n<p>RODZAJE PRZETWARZANYCH DANYCH I CEL PRZETWARZANIA<\/p>\n<p><b>Dane nawigacyjne<\/b><\/p>\n<p>Analizowane dane nawigacyjne s\u0105 anonimizowane.<\/p>\n<p><b>Dane dost\u0119pu<\/b><\/p>\n<p>Przy ka\u017cdym dost\u0119pie serwer sieciowy automatycznie pobiera informacje o wizycie. S\u0105 to dane niezb\u0119dne do korzystania z us\u0142ug internetowych, kt\u00f3re obejmuj\u0105: adresy IP lub nazwy domen komputer\u00f3w i terminali u\u017cywanych przez u\u017cytkownik\u00f3w, adresy w notacji URI\/URL (Uniform Resource Identifier\/Locator) \u017c\u0105danych zasob\u00f3w, czas \u017c\u0105dania, metod\u0119 u\u017cyt\u0105 do przes\u0142ania \u017c\u0105dania do serwera, rozmiar pliku uzyskanego w odpowiedzi, kod numeryczny wskazuj\u0105cy status odpowiedzi udzielonej przez serwer (powodzenie, b\u0142\u0105d itp.) oraz inne parametry zwi\u0105zane z systemem operacyjnym i \u015brodowiskiem komputerowym u\u017cytkownika. Dane te mog\u0105 by\u0107 przetwarzane w celu zapewnienia prawid\u0142owego funkcjonowania strony https:\/\/meetyourcolleague.eu\/ . S\u0105 one przechowywane przez 5 lat (2+3), poniewa\u017c s\u0105 wykorzystywane do cel\u00f3w statystycznych i sprawozdawczych oraz udost\u0119pniane podmiotowi finansuj\u0105cemu projekt (UE).<\/p>\n<p>Opcjonalne, wyra\u017ane i dobrowolne wysy\u0142anie wiadomo\u015bci na adresy kontaktowe, prywatne wiadomo\u015bci wysy\u0142ane przez u\u017cytkownik\u00f3w do profili instytucjonalnych \/ stron w mediach spo\u0142eczno\u015bciowych (tam, gdzie taka mo\u017cliwo\u015b\u0107 jest zapewniona), a tak\u017ce wype\u0142nianie i przesy\u0142anie formularzy na stronach internetowych, wi\u0105\u017ce si\u0119 z uzyskaniem danych kontaktowych nadawcy, niezb\u0119dnych do udzielenia odpowiedzi, a tak\u017ce wszystkich danych osobowych zawartych w komunikacji.<\/p>\n<p>Konkretne polityki prywatno\u015bci zostan\u0105 ostatecznie opublikowane na stronach witryny, przygotowane w celu \u015bwiadczenia dodatkowych us\u0142ug lub uczestnictwa w okre\u015blonych inicjatywach i \/ lub dzia\u0142aniach.<\/p>\n<p><b>Informacje o przetwarzaniu danych osobowych za po\u015brednictwem wykorzystywanych platform medi\u00f3w spo\u0142eczno\u015bciowych<\/b><\/p>\n<p>Informacje na temat przetwarzania danych osobowych przez operator\u00f3w platform medi\u00f3w spo\u0142eczno\u015bciowych wykorzystywanych przez MyCo mo\u017cna znale\u017a\u0107 w ich politykach prywatno\u015bci. MyCo przetwarza dane osobowe przekazywane przez u\u017cytkownik\u00f3w za po\u015brednictwem stron swoich platform medi\u00f3w spo\u0142eczno\u015bciowych, w ramach swoich cel\u00f3w, wy\u0142\u0105cznie w celu informowania i zarz\u0105dzania interakcjami z u\u017cytkownikami (komentarze, posty publiczne itp.) oraz zgodnie z obowi\u0105zuj\u0105cymi przepisami.<\/p>\n<p><b>Pliki cookie i inne systemy \u015bledzenia<\/b><\/p>\n<p>U\u017cywane s\u0105 sesyjne (nietrwa\u0142e) techniczne pliki cookie, \u015bci\u015ble ograniczone do tego, co jest niezb\u0119dne do bezpiecznej i wydajnej nawigacji po witrynach.<br \/>\n\u017badne pliki cookie nie s\u0105 wykorzystywane do profilowania u\u017cytkownik\u00f3w.<br \/>\nDane \u015bledzenia s\u0105 gromadzone anonimowo i wykorzystywane wy\u0142\u0105cznie do cel\u00f3w statystycznych. S\u0105 one przechowywane przez maksymalnie 14 miesi\u0119cy.<br \/>\nZagregowane dane dotycz\u0105ce statystyk s\u0105 przetwarzane i ca\u0142kowicie anonimizowane oraz przechowywane wy\u0142\u0105cznie do cel\u00f3w statystycznych.<\/p>\n<p>ODBIORCY DANYCH<\/p>\n<p>Odbiorca zebranych danych, jako dostawca us\u0142ug i podmiot przetwarzaj\u0105cy dane na mocy art. 28 RODO: www.gandi.net Zebrane dane s\u0105 r\u00f3wnie\u017c przetwarzane przez partner\u00f3w projektu Myco, kt\u00f3rzy dzia\u0142aj\u0105 r\u00f3wnie\u017c jako podmioty przetwarzaj\u0105ce dane, na podstawie szczeg\u00f3\u0142owych instrukcji wydanych przez Administratora danych, dotycz\u0105cych cel\u00f3w i metod takiego przetwarzania. Dane te mog\u0105 by\u0107 wykorzystywane do cel\u00f3w statystycznych i sprawozdawczych oraz udost\u0119pniane w formie anonimowej UE jako organowi zlecaj\u0105cemu i finansuj\u0105cemu przez okres trwania projektu (2+3 lata).<\/p>\n<p>PRAWA OS\u00d3B, KT\u00d3RYCH DANE DOTYCZ\u0104<\/p>\n<p>Zainteresowane strony maj\u0105 prawo do uzyskania od Diciannove s.c.a r.l., w przewidzianych przypadkach, dost\u0119pu do swoich danych osobowych oraz ich sprostowania lub usuni\u0119cia lub ograniczenia przetwarzania danych ich dotycz\u0105cych lub do wniesienia sprzeciwu wobec przetwarzania (art. 15 i kolejne Regulaminu). Wnioski mo\u017cna kierowa\u0107 na adres: <span style=\"color: #0563c1;\"><u><a href=\"mailto:privacy@19.coop\">privacy@19.coop<\/a><\/u><\/span><\/p>\n<p>PRAWO DO Z\u0141O\u017bENIA SKARGI<\/p>\n<p>Osoby, kt\u00f3rych dane dotycz\u0105, kt\u00f3re uwa\u017caj\u0105, \u017ce przetwarzanie ich danych osobowych za po\u015brednictwem tej strony internetowej narusza przepisy Rozporz\u0105dzenia, maj\u0105 prawo do z\u0142o\u017cenia skargi do organu ochrony danych, zgodnie z art. 77 Rozporz\u0105dzenia. 77 Rozporz\u0105dzenia lub do podj\u0119cia odpowiednich krok\u00f3w prawnych (art. 79 Rozporz\u0105dzenia).<\/p>\n","protected":false},"excerpt":{"rendered":"<p>Informacje o przetwarzaniu danych osobowych zgodnie z art. 13 rozporz\u0105dzenia UE 2016\/679. Tytu\u0142 projektu: MyCo &#8211; Poznaj swoich wsp\u00f3\u0142pracownik\u00f3w Nasza strona internetowa: https:\/\/meetyourcolleague.eu\/ PRZETW\u00d3RCA DANYCH PRZETW\u00d3RC\u0104 DANYCH jest Diciannove s. c. a r. l. (https:\/\/19.coop). INSPEKTOR OCHRONY DANYCH Inspektor ochrony danych (IOD) jest dost\u0119pny pod adresem: privacy@19.coop PODSTAWA PRAWNA PRZETWARZANIA Wskazane dane osobowe s\u0105 przetwarzane [&hellip;]<\/p>\n","protected":false},"author":1,"featured_media":0,"parent":0,"menu_order":0,"comment_status":"closed","ping_status":"open","template":"","meta":{"footnotes":""},"class_list":["post-486","page","type-page","status-publish","hentry"],"_links":{"self":[{"href":"https:\/\/meetyourcolleague.eu\/pl\/wp-json\/wp\/v2\/pages\/486","targetHints":{"allow":["GET"]}}],"collection":[{"href":"https:\/\/meetyourcolleague.eu\/pl\/wp-json\/wp\/v2\/pages"}],"about":[{"href":"https:\/\/meetyourcolleague.eu\/pl\/wp-json\/wp\/v2\/types\/page"}],"author":[{"embeddable":true,"href":"https:\/\/meetyourcolleague.eu\/pl\/wp-json\/wp\/v2\/users\/1"}],"replies":[{"embeddable":true,"href":"https:\/\/meetyourcolleague.eu\/pl\/wp-json\/wp\/v2\/comments?post=486"}],"version-history":[{"count":4,"href":"https:\/\/meetyourcolleague.eu\/pl\/wp-json\/wp\/v2\/pages\/486\/revisions"}],"predecessor-version":[{"id":1401,"href":"https:\/\/meetyourcolleague.eu\/pl\/wp-json\/wp\/v2\/pages\/486\/revisions\/1401"}],"wp:attachment":[{"href":"https:\/\/meetyourcolleague.eu\/pl\/wp-json\/wp\/v2\/media?parent=486"}],"curies":[{"name":"wp","href":"https:\/\/api.w.org\/{rel}","templated":true}]}}