{"id":495,"date":"2025-01-08T15:02:20","date_gmt":"2025-01-08T14:02:20","guid":{"rendered":"https:\/\/meetyourcolleague.eu\/privacy-policy\/"},"modified":"2025-07-25T11:18:46","modified_gmt":"2025-07-25T09:18:46","slug":"privacy-policy","status":"publish","type":"page","link":"https:\/\/meetyourcolleague.eu\/de\/privacy-policy\/","title":{"rendered":"Privacy Policy"},"content":{"rendered":"<h2 class=\"western\"><span lang=\"de-DE\">Informationen \u00fcber die Verarbeitung personenbezogener Daten gem\u00e4\u00df Artikel 13 der Verordnung (EU) 2016\/679.<\/span><\/h2>\n<p><span lang=\"de-DE\">Projekttitel: MyCo &#8211; Treffen Sie Ihren Kollegen<\/span><\/p>\n<p><span lang=\"de-DE\">Unsere Website: https:\/\/meetyourcolleague.eu\/<\/span><\/p>\n<p><span lang=\"de-DE\">DATENVERARBEITER<br \/>\nDer Datenverarbeiter ist Diciannove s. c. a r. l. (https:\/\/19.coop)<\/span><\/p>\n<p><span lang=\"de-DE\">DATENSCHUTZBEAUFTRAGTER<br \/>\nDer Datenschutzbeauftragte (DSB) ist erreichbar unter: privacy@19.coop<\/span><\/p>\n<p><span lang=\"de-DE\">RECHTSGRUNDLAGE F\u00dcR DIE VERARBEITUNG<br \/>\nDie angegebenen personenbezogenen Daten werden vom Datenverarbeiter im Rahmen der vom Benutzer angeforderten T\u00e4tigkeiten verarbeitet, und die Rechtsgrundlage f\u00fcr die Verarbeitung ist die ausdr\u00fcckliche Zustimmung und\/oder das berechtigte Interesse des Datenverarbeiters. Diese Informationen beziehen sich nicht auf andere Websites, Seiten oder Online-Dienste, die \u00fcber Hypertext-Links erreicht werden k\u00f6nnen, die auf der Website ver\u00f6ffentlicht werden k\u00f6nnen, sondern beziehen sich auf Ressourcen au\u00dferhalb der Dom\u00e4ne von MyCo.<\/span><\/p>\n<p><span lang=\"de-DE\">ARTEN DER VERARBEITETEN DATEN UND ZWECK DER VERARBEITUNG<\/span><\/p>\n<p><b><span lang=\"de-DE\">Navigationsdaten<\/span><\/b><span lang=\"de-DE\"><br \/>\nDie analysierten Nutzungsdaten werden anonymisiert.<\/span><\/p>\n<p><b><span lang=\"de-DE\">Zugangsdaten<\/span><\/b><span lang=\"de-DE\"><br \/>\nBei jedem Zugriff l\u00e4dt der Netzserver automatisch Informationen \u00fcber den Besuch herunter. Dabei handelt es sich um Daten, die f\u00fcr die Nutzung von Webdiensten erforderlich sind, darunter: IP-Adressen oder Domain-Namen der von den Nutzern verwendeten Computer und Endger\u00e4te, die Adressen der angeforderten Ressourcen in URI\/URL-Schreibweise (Uniform Resource Identifier\/Locator), die Uhrzeit der Anfrage, die bei der \u00dcbermittlung der Anfrage an den Server verwendete Methode, die Gr\u00f6\u00dfe der als Antwort erhaltenen Datei, der numerische Code, der den Status der vom Server gegebenen Antwort angibt (erfolgreich, Fehler usw.), sowie andere Parameter, die sich auf das Betriebssystem und die Computerumgebung des Nutzers beziehen. Diese Daten k\u00f6nnen verarbeitet werden, um das reibungslose Funktionieren der Website https:\/\/meetyourcolleague.eu\/ zu gew\u00e4hrleisten. Sie bleiben 5 Jahre lang erhalten (2+3), da sie f\u00fcr statistische und Berichtszwecke verwendet und dem Projektfinanzierer (EU) zur Verf\u00fcgung gestellt werden.<br \/>\nDas fakultative, ausdr\u00fcckliche und freiwillige Versenden von Nachrichten an die Kontaktadressen, private Nachrichten, die von den Nutzern an institutionelle Profile\/Seiten in den sozialen Medien gesendet werden (sofern diese M\u00f6glichkeit vorgesehen ist), sowie das Ausf\u00fcllen und Einreichen von Formularen auf den Websites implizieren die Erfassung der Kontaktdaten des Absenders, die f\u00fcr die Beantwortung erforderlich sind, sowie aller in den Mitteilungen enthaltenen personenbezogenen Daten. Spezifische Datenschutzrichtlinien werden eventuell auf den Seiten der Website ver\u00f6ffentlicht, die f\u00fcr die Bereitstellung zus\u00e4tzlicher Dienste oder die Teilnahme an spezifischen Initiativen und\/oder Aktivit\u00e4ten vorbereitet werden.<\/span><\/p>\n<p><b><span lang=\"de-DE\">Informationen \u00fcber die Verarbeitung personenbezogener Daten durch die verwendeten Social Media Plattformen<\/span><\/b><span lang=\"de-DE\"><br \/>\n\u00dcber die Verarbeitung personenbezogener Daten, die von den Betreibern der von MyCo genutzten Social Media Plattformen durchgef\u00fchrt werden, verweisen wir auf die Informationen, die von ihnen durch ihre jeweiligen Datenschutzrichtlinien bereitgestellt werden. MyCo verarbeitet personenbezogene Daten, die von den Nutzern \u00fcber die Seiten seiner Social Media Plattformen zur Verf\u00fcgung gestellt werden, im Rahmen seiner Zwecke, ausschlie\u00dflich zur Information und zur Verwaltung der Interaktionen mit den Nutzern (Kommentare, \u00f6ffentliche Beitr\u00e4ge, etc.) und in \u00dcbereinstimmung mit den geltenden Vorschriften.<\/span><\/p>\n<p><b><span lang=\"de-DE\">Cookies und andere Tracking-Systeme<\/span><\/b><span lang=\"de-DE\"><br \/>\nCookies und andere Trackingsysteme<br \/>\nEs werden technische Session-Cookies (nicht dauerhafte Cookies) verwendet, die strikt auf das beschr\u00e4nkt sind, was f\u00fcr die sichere und effiziente Navigation auf den Websites erforderlich ist.<br \/>\nEs werden keine Cookies f\u00fcr die Erstellung von Nutzerprofilen verwendet.<br \/>\nTracking-Daten werden anonym erhoben und nur zu statistischen Zwecken verwendet. Sie werden h\u00f6chstens 14 Monate lang gespeichert.<br \/>\nAggregierte Daten zu statistischen Zwecken werden verarbeitet und vollst\u00e4ndig anonymisiert und nur zu statistischen Zwecken gespeichert.<\/span><\/p>\n<p><span lang=\"de-DE\">EMPF\u00c4NGER DER DATEN<br \/>\nEmpf\u00e4nger der gesammelten Daten, als Dienstleister und Datenverarbeiter gem\u00e4\u00df Artikel 28 der Datenschutz-Grundverordnung: www.gandi.net Die gesammelten Daten werden auch von den Myco-Projektpartnern verarbeitet, die ebenfalls als Datenverarbeiter fungieren, und zwar auf der Grundlage spezifischer Anweisungen des f\u00fcr die Datenverarbeitung Verantwortlichen hinsichtlich der Zwecke und Methoden dieser Verarbeitung. Diese Daten k\u00f6nnen f\u00fcr statistische und Berichtszwecke verwendet und der EU als Auftraggeber und Finanzierer f\u00fcr die Dauer des Projekts (2+3 Jahre) in anonymisierter Form zur Verf\u00fcgung gestellt werden.<\/span><\/p>\n<p><span lang=\"de-DE\">RECHTE DER BETROFFENEN PERSONEN<br \/>\nDie betroffenen Personen haben das Recht, von Diciannove s.c.a r.l. in den vorgesehenen F\u00e4llen Auskunft \u00fcber ihre personenbezogenen Daten und deren Berichtigung oder L\u00f6schung oder die Einschr\u00e4nkung der Verarbeitung der sie betreffenden Daten zu erhalten oder der Verarbeitung zu widersprechen (Artikel 15 ff. der Verordnung). Die Antr\u00e4ge k\u00f6nnen gerichtet werden an: privacy@19.coop<\/span><\/p>\n<p><span lang=\"de-DE\">RECHT AUF BESCHWERDE<br \/>\nBetroffene Personen, die der Ansicht sind, dass die Verarbeitung sie betreffender personenbezogener Daten \u00fcber diese Website gegen die Bestimmungen der Verordnung verst\u00f6\u00dft, haben das Recht, eine Beschwerde bei der Datenschutzbeh\u00f6rde einzureichen, wie es in Art. 77 der Verordnung selbst eine Beschwerde einzureichen oder geeignete rechtliche Schritte einzuleiten (Art. 79 der Verordnung).<\/span><\/p>\n","protected":false},"excerpt":{"rendered":"<p>Informationen \u00fcber die Verarbeitung personenbezogener Daten gem\u00e4\u00df Artikel 13 der Verordnung (EU) 2016\/679. Projekttitel: MyCo &#8211; Treffen Sie Ihren Kollegen Unsere Website: https:\/\/meetyourcolleague.eu\/ DATENVERARBEITER Der Datenverarbeiter ist Diciannove s. c. a r. l. (https:\/\/19.coop) DATENSCHUTZBEAUFTRAGTER Der Datenschutzbeauftragte (DSB) ist erreichbar unter: privacy@19.coop RECHTSGRUNDLAGE F\u00dcR DIE VERARBEITUNG Die angegebenen personenbezogenen Daten werden vom Datenverarbeiter im Rahmen [&hellip;]<\/p>\n","protected":false},"author":1,"featured_media":0,"parent":0,"menu_order":0,"comment_status":"closed","ping_status":"open","template":"","meta":{"footnotes":""},"class_list":["post-495","page","type-page","status-publish","hentry"],"_links":{"self":[{"href":"https:\/\/meetyourcolleague.eu\/de\/wp-json\/wp\/v2\/pages\/495","targetHints":{"allow":["GET"]}}],"collection":[{"href":"https:\/\/meetyourcolleague.eu\/de\/wp-json\/wp\/v2\/pages"}],"about":[{"href":"https:\/\/meetyourcolleague.eu\/de\/wp-json\/wp\/v2\/types\/page"}],"author":[{"embeddable":true,"href":"https:\/\/meetyourcolleague.eu\/de\/wp-json\/wp\/v2\/users\/1"}],"replies":[{"embeddable":true,"href":"https:\/\/meetyourcolleague.eu\/de\/wp-json\/wp\/v2\/comments?post=495"}],"version-history":[{"count":4,"href":"https:\/\/meetyourcolleague.eu\/de\/wp-json\/wp\/v2\/pages\/495\/revisions"}],"predecessor-version":[{"id":1398,"href":"https:\/\/meetyourcolleague.eu\/de\/wp-json\/wp\/v2\/pages\/495\/revisions\/1398"}],"wp:attachment":[{"href":"https:\/\/meetyourcolleague.eu\/de\/wp-json\/wp\/v2\/media?parent=495"}],"curies":[{"name":"wp","href":"https:\/\/api.w.org\/{rel}","templated":true}]}}